{"id":1185,"date":"2024-04-11T14:30:30","date_gmt":"2024-04-11T14:30:30","guid":{"rendered":"https:\/\/munipochuta.gob.gt\/wp\/?page_id=1185"},"modified":"2026-01-09T14:30:59","modified_gmt":"2026-01-09T14:30:59","slug":"9-depositos-con-fondos-publicos","status":"publish","type":"page","link":"https:\/\/munipochuta.gob.gt\/wp\/9-depositos-con-fondos-publicos\/","title":{"rendered":"9. DEPOSITOS CON FONDOS PUBLICOS"},"content":{"rendered":"\n<p>La informaci\u00f3n detallada sobre los dep\u00f3sitos constituidos con fondos p\u00fablicos provenientes de ingresos ordinarios, extraordinarios, impuestos, fondos privativos, empr\u00e9stitos y donaciones.<\/p>\n\n\n\n<div class=\"wp-block-buttons is-layout-flex wp-block-buttons-is-layout-flex\">\n<div class=\"wp-block-button\"><a class=\"wp-block-button__link wp-element-button\" href=\"https:\/\/munipochuta.gob.gt\/wp\/depositos-con-fondos-publicos-ano-2020\/\">A\u00d1O 2020<\/a><\/div>\n\n\n\n<div class=\"wp-block-button\"><a class=\"wp-block-button__link wp-element-button\" href=\"https:\/\/munipochuta.gob.gt\/wp\/depositos-con-fondos-publicos-ano-2021\/\">A\u00d1O 2021<\/a><\/div>\n\n\n\n<div class=\"wp-block-button\"><a class=\"wp-block-button__link wp-element-button\" href=\"https:\/\/munipochuta.gob.gt\/wp\/depositos-con-fondos-publicos-ano-2024\/\">A\u00d1O 2024<\/a><\/div>\n\n\n\n<div class=\"wp-block-button\"><a class=\"wp-block-button__link wp-element-button\" href=\"https:\/\/munipochuta.gob.gt\/wp\/depositos-con-fondos-publicos-ano-2025\/\">A\u00d1O 2025<\/a><\/div>\n\n\n\n<div class=\"wp-block-button\"><a class=\"wp-block-button__link wp-element-button\" href=\"https:\/\/munipochuta.gob.gt\/wp\/depositos-con-fondos-publicos-ano-2026\/\">A\u00d1O 2026<\/a><\/div>\n<\/div>\n\n\n\n<p><\/p>\n","protected":false},"excerpt":{"rendered":"<p>La informaci\u00f3n detallada sobre los dep\u00f3sitos constituidos con fondos p\u00fablicos provenientes de ingresos ordinarios, extraordinarios, impuestos, fondos privativos, empr\u00e9stitos y donaciones.<\/p>\n","protected":false},"author":1,"featured_media":0,"parent":0,"menu_order":0,"comment_status":"closed","ping_status":"closed","template":"","meta":{"footnotes":""},"class_list":["post-1185","page","type-page","status-publish","hentry"],"_links":{"self":[{"href":"https:\/\/munipochuta.gob.gt\/wp\/wp-json\/wp\/v2\/pages\/1185","targetHints":{"allow":["GET"]}}],"collection":[{"href":"https:\/\/munipochuta.gob.gt\/wp\/wp-json\/wp\/v2\/pages"}],"about":[{"href":"https:\/\/munipochuta.gob.gt\/wp\/wp-json\/wp\/v2\/types\/page"}],"author":[{"embeddable":true,"href":"https:\/\/munipochuta.gob.gt\/wp\/wp-json\/wp\/v2\/users\/1"}],"replies":[{"embeddable":true,"href":"https:\/\/munipochuta.gob.gt\/wp\/wp-json\/wp\/v2\/comments?post=1185"}],"version-history":[{"count":3,"href":"https:\/\/munipochuta.gob.gt\/wp\/wp-json\/wp\/v2\/pages\/1185\/revisions"}],"predecessor-version":[{"id":3619,"href":"https:\/\/munipochuta.gob.gt\/wp\/wp-json\/wp\/v2\/pages\/1185\/revisions\/3619"}],"wp:attachment":[{"href":"https:\/\/munipochuta.gob.gt\/wp\/wp-json\/wp\/v2\/media?parent=1185"}],"curies":[{"name":"wp","href":"https:\/\/api.w.org\/{rel}","templated":true}]}}