{"id":1277,"date":"2024-04-11T22:30:08","date_gmt":"2024-04-11T22:30:08","guid":{"rendered":"https:\/\/munipochuta.gob.gt\/wp\/?page_id=1277"},"modified":"2024-04-11T22:30:08","modified_gmt":"2024-04-11T22:30:08","slug":"obras-en-ejecucion-o-ejecutadas-con-fondos-publicos-ano-2022","status":"publish","type":"page","link":"https:\/\/munipochuta.gob.gt\/wp\/obras-en-ejecucion-o-ejecutadas-con-fondos-publicos-ano-2022\/","title":{"rendered":"OBRAS EN EJECUCI\u00d3N O EJECUTADAS CON FONDOS P\u00daBLICOS A\u00d1O 2022"},"content":{"rendered":"\n<div data-wp-interactive=\"core\/file\" class=\"wp-block-file\"><object data-wp-bind--hidden=\"!state.hasPdfPreview\" hidden class=\"wp-block-file__embed\" data=\"https:\/\/munipochuta.gob.gt\/wp\/wp-content\/uploads\/2022\/09\/listado-de-obras-de-ejecucion-10_compressed.pdf\" type=\"application\/pdf\" style=\"width:100%;height:600px\" aria-label=\"Incrustado de listado-de-obras-de-ejecucion-10_compressed.\"><\/object><a id=\"wp-block-file--media-b57736cb-e17f-4e8d-96b2-22ef6514b869\" href=\"https:\/\/munipochuta.gob.gt\/wp\/wp-content\/uploads\/2022\/09\/listado-de-obras-de-ejecucion-10_compressed.pdf\">listado-de-obras-de-ejecucion-10_compressed<\/a><a href=\"https:\/\/munipochuta.gob.gt\/wp\/wp-content\/uploads\/2022\/09\/listado-de-obras-de-ejecucion-10_compressed.pdf\" class=\"wp-block-file__button wp-element-button\" download aria-describedby=\"wp-block-file--media-b57736cb-e17f-4e8d-96b2-22ef6514b869\">Descarga<\/a><\/div>\n\n\n\n<div data-wp-interactive=\"core\/file\" class=\"wp-block-file\"><object data-wp-bind--hidden=\"!state.hasPdfPreview\" hidden class=\"wp-block-file__embed\" data=\"https:\/\/munipochuta.gob.gt\/wp\/wp-content\/uploads\/2022\/09\/listado-de-obras-de-ejecucion-18_compressed.pdf\" type=\"application\/pdf\" style=\"width:100%;height:600px\" aria-label=\"Incrustado de listado-de-obras-de-ejecucion-18_compressed.\"><\/object><a id=\"wp-block-file--media-3b880a09-3d97-41a1-a610-9ce719122515\" href=\"https:\/\/munipochuta.gob.gt\/wp\/wp-content\/uploads\/2022\/09\/listado-de-obras-de-ejecucion-18_compressed.pdf\">listado-de-obras-de-ejecucion-18_compressed<\/a><a href=\"https:\/\/munipochuta.gob.gt\/wp\/wp-content\/uploads\/2022\/09\/listado-de-obras-de-ejecucion-18_compressed.pdf\" class=\"wp-block-file__button wp-element-button\" download aria-describedby=\"wp-block-file--media-3b880a09-3d97-41a1-a610-9ce719122515\">Descarga<\/a><\/div>\n\n\n\n<div data-wp-interactive=\"core\/file\" class=\"wp-block-file\"><object data-wp-bind--hidden=\"!state.hasPdfPreview\" hidden class=\"wp-block-file__embed\" data=\"https:\/\/munipochuta.gob.gt\/wp\/wp-content\/uploads\/2022\/09\/listado-de-obras-de-ejecucion-18_compressed-1.pdf\" type=\"application\/pdf\" style=\"width:100%;height:600px\" aria-label=\"Incrustado de listado-de-obras-de-ejecucion-18_compressed-1.\"><\/object><a id=\"wp-block-file--media-05003e88-ea13-467d-b264-59784fd7da9a\" href=\"https:\/\/munipochuta.gob.gt\/wp\/wp-content\/uploads\/2022\/09\/listado-de-obras-de-ejecucion-18_compressed-1.pdf\">listado-de-obras-de-ejecucion-18_compressed-1<\/a><a href=\"https:\/\/munipochuta.gob.gt\/wp\/wp-content\/uploads\/2022\/09\/listado-de-obras-de-ejecucion-18_compressed-1.pdf\" class=\"wp-block-file__button wp-element-button\" download aria-describedby=\"wp-block-file--media-05003e88-ea13-467d-b264-59784fd7da9a\">Descarga<\/a><\/div>\n\n\n\n<div data-wp-interactive=\"core\/file\" class=\"wp-block-file\"><object data-wp-bind--hidden=\"!state.hasPdfPreview\" hidden class=\"wp-block-file__embed\" data=\"https:\/\/munipochuta.gob.gt\/wp\/wp-content\/uploads\/2022\/09\/listado-de-obras-de-ejecucion-20_compressed.pdf\" type=\"application\/pdf\" style=\"width:100%;height:600px\" aria-label=\"Incrustado de listado-de-obras-de-ejecucion-20_compressed.\"><\/object><a id=\"wp-block-file--media-65cb2682-0e44-4d98-a600-b1d6792c09f8\" href=\"https:\/\/munipochuta.gob.gt\/wp\/wp-content\/uploads\/2022\/09\/listado-de-obras-de-ejecucion-20_compressed.pdf\">listado-de-obras-de-ejecucion-20_compressed<\/a><a href=\"https:\/\/munipochuta.gob.gt\/wp\/wp-content\/uploads\/2022\/09\/listado-de-obras-de-ejecucion-20_compressed.pdf\" class=\"wp-block-file__button wp-element-button\" download aria-describedby=\"wp-block-file--media-65cb2682-0e44-4d98-a600-b1d6792c09f8\">Descarga<\/a><\/div>\n\n\n\n<div data-wp-interactive=\"core\/file\" class=\"wp-block-file\"><object data-wp-bind--hidden=\"!state.hasPdfPreview\" hidden class=\"wp-block-file__embed\" data=\"https:\/\/munipochuta.gob.gt\/wp\/wp-content\/uploads\/2022\/09\/listado-de-obras-de-ejecucion-20_compressed-1.pdf\" type=\"application\/pdf\" style=\"width:100%;height:600px\" aria-label=\"Incrustado de listado-de-obras-de-ejecucion-20_compressed-1.\"><\/object><a id=\"wp-block-file--media-e20f8699-d5c7-49a7-a8ff-aa685c7a955d\" href=\"https:\/\/munipochuta.gob.gt\/wp\/wp-content\/uploads\/2022\/09\/listado-de-obras-de-ejecucion-20_compressed-1.pdf\">listado-de-obras-de-ejecucion-20_compressed-1<\/a><a href=\"https:\/\/munipochuta.gob.gt\/wp\/wp-content\/uploads\/2022\/09\/listado-de-obras-de-ejecucion-20_compressed-1.pdf\" class=\"wp-block-file__button wp-element-button\" download aria-describedby=\"wp-block-file--media-e20f8699-d5c7-49a7-a8ff-aa685c7a955d\">Descarga<\/a><\/div>\n\n\n\n<div data-wp-interactive=\"core\/file\" class=\"wp-block-file\"><object data-wp-bind--hidden=\"!state.hasPdfPreview\" hidden class=\"wp-block-file__embed\" data=\"https:\/\/munipochuta.gob.gt\/wp\/wp-content\/uploads\/2022\/09\/listado-de-obras-de-ejecucion-20_compressed-2.pdf\" type=\"application\/pdf\" style=\"width:100%;height:600px\" aria-label=\"Incrustado de listado-de-obras-de-ejecucion-20_compressed-2.\"><\/object><a id=\"wp-block-file--media-33e4752d-49cf-4f39-a451-dcd4c5c51c68\" href=\"https:\/\/munipochuta.gob.gt\/wp\/wp-content\/uploads\/2022\/09\/listado-de-obras-de-ejecucion-20_compressed-2.pdf\">listado-de-obras-de-ejecucion-20_compressed-2<\/a><a href=\"https:\/\/munipochuta.gob.gt\/wp\/wp-content\/uploads\/2022\/09\/listado-de-obras-de-ejecucion-20_compressed-2.pdf\" class=\"wp-block-file__button wp-element-button\" download aria-describedby=\"wp-block-file--media-33e4752d-49cf-4f39-a451-dcd4c5c51c68\">Descarga<\/a><\/div>\n\n\n\n<div data-wp-interactive=\"core\/file\" class=\"wp-block-file\"><object data-wp-bind--hidden=\"!state.hasPdfPreview\" hidden class=\"wp-block-file__embed\" data=\"https:\/\/munipochuta.gob.gt\/wp\/wp-content\/uploads\/2024\/04\/Empresas-Obras-Activas.pdf\" type=\"application\/pdf\" style=\"width:100%;height:600px\" aria-label=\"Incrustado de Empresas-Obras-Activas.\"><\/object><a id=\"wp-block-file--media-efdb0ff9-1ad2-4daa-a267-f446d95eb862\" href=\"https:\/\/munipochuta.gob.gt\/wp\/wp-content\/uploads\/2024\/04\/Empresas-Obras-Activas.pdf\">Empresas-Obras-Activas<\/a><a href=\"https:\/\/munipochuta.gob.gt\/wp\/wp-content\/uploads\/2024\/04\/Empresas-Obras-Activas.pdf\" class=\"wp-block-file__button wp-element-button\" download aria-describedby=\"wp-block-file--media-efdb0ff9-1ad2-4daa-a267-f446d95eb862\">Descarga<\/a><\/div>\n\n\n\n<div data-wp-interactive=\"core\/file\" class=\"wp-block-file\"><object data-wp-bind--hidden=\"!state.hasPdfPreview\" hidden class=\"wp-block-file__embed\" data=\"https:\/\/munipochuta.gob.gt\/wp\/wp-content\/uploads\/2024\/04\/Empresas-Obras-Activas-1.pdf\" type=\"application\/pdf\" style=\"width:100%;height:600px\" aria-label=\"Incrustado de Empresas-Obras-Activas-1.\"><\/object><a id=\"wp-block-file--media-6ae03cc2-edcb-4bbc-8d9b-0f8a71037e14\" href=\"https:\/\/munipochuta.gob.gt\/wp\/wp-content\/uploads\/2024\/04\/Empresas-Obras-Activas-1.pdf\">Empresas-Obras-Activas-1<\/a><a href=\"https:\/\/munipochuta.gob.gt\/wp\/wp-content\/uploads\/2024\/04\/Empresas-Obras-Activas-1.pdf\" class=\"wp-block-file__button wp-element-button\" download aria-describedby=\"wp-block-file--media-6ae03cc2-edcb-4bbc-8d9b-0f8a71037e14\">Descarga<\/a><\/div>\n","protected":false},"excerpt":{"rendered":"","protected":false},"author":1,"featured_media":0,"parent":0,"menu_order":0,"comment_status":"closed","ping_status":"closed","template":"","meta":{"footnotes":""},"class_list":["post-1277","page","type-page","status-publish","hentry"],"_links":{"self":[{"href":"https:\/\/munipochuta.gob.gt\/wp\/wp-json\/wp\/v2\/pages\/1277","targetHints":{"allow":["GET"]}}],"collection":[{"href":"https:\/\/munipochuta.gob.gt\/wp\/wp-json\/wp\/v2\/pages"}],"about":[{"href":"https:\/\/munipochuta.gob.gt\/wp\/wp-json\/wp\/v2\/types\/page"}],"author":[{"embeddable":true,"href":"https:\/\/munipochuta.gob.gt\/wp\/wp-json\/wp\/v2\/users\/1"}],"replies":[{"embeddable":true,"href":"https:\/\/munipochuta.gob.gt\/wp\/wp-json\/wp\/v2\/comments?post=1277"}],"version-history":[{"count":1,"href":"https:\/\/munipochuta.gob.gt\/wp\/wp-json\/wp\/v2\/pages\/1277\/revisions"}],"predecessor-version":[{"id":1278,"href":"https:\/\/munipochuta.gob.gt\/wp\/wp-json\/wp\/v2\/pages\/1277\/revisions\/1278"}],"wp:attachment":[{"href":"https:\/\/munipochuta.gob.gt\/wp\/wp-json\/wp\/v2\/media?parent=1277"}],"curies":[{"name":"wp","href":"https:\/\/api.w.org\/{rel}","templated":true}]}}