{"id":2444,"date":"2024-10-16T21:27:12","date_gmt":"2024-10-16T21:27:12","guid":{"rendered":"https:\/\/munipochuta.gob.gt\/wp\/?page_id=2444"},"modified":"2024-10-16T21:27:13","modified_gmt":"2024-10-16T21:27:13","slug":"solicitud-de-informacion","status":"publish","type":"page","link":"https:\/\/munipochuta.gob.gt\/wp\/solicitud-de-informacion\/","title":{"rendered":"SOLICITUD DE INFORMACI\u00d3N"},"content":{"rendered":"\n<p>Si deseas conocer m\u00e1s sobre nuestras funciones, proyectos y servicios, te invitamos a llenar el siguiente formulario. Tu opini\u00f3n y preguntas son importantes para nosotros, y a trav\u00e9s de este formulario podremos proporcionarte la informaci\u00f3n que necesites de manera r\u00e1pida y eficiente.<\/p>\n\n\n<div class=\"wpforms-container wpforms-container-full wpforms-render-modern\" id=\"wpforms-2445\"><form id=\"wpforms-form-2445\" class=\"wpforms-validate wpforms-form wpforms-ajax-form\" data-formid=\"2445\" method=\"post\" enctype=\"multipart\/form-data\" action=\"\/wp\/wp-json\/wp\/v2\/pages\/2444\" data-token=\"1d1ca9efcbcdbb224a8b5ce6b34a225d\" data-token-time=\"1777447179\"><noscript class=\"wpforms-error-noscript\">Por favor, activa JavaScript en tu navegador para completar este formulario.<\/noscript><div class=\"wpforms-hidden\" id=\"wpforms-error-noscript\">Por favor, activa JavaScript en tu navegador para completar este formulario.<\/div><div class=\"wpforms-field-container\"><div id=\"wpforms-2445-field_1-container\" class=\"wpforms-field wpforms-field-name\" data-field-id=\"1\"><fieldset><legend class=\"wpforms-field-label\">NOMBRE <span class=\"wpforms-required-label\" aria-hidden=\"true\">*<\/span><\/legend><div class=\"wpforms-field-row wpforms-field-medium\"><div class=\"wpforms-field-row-block wpforms-first wpforms-one-half\"><input type=\"text\" id=\"wpforms-2445-field_1\" class=\"wpforms-field-name-first wpforms-field-required\" name=\"wpforms[fields][1][first]\" aria-errormessage=\"wpforms-2445-field_1-error\" required><label for=\"wpforms-2445-field_1\" class=\"wpforms-field-sublabel after\">Nombre<\/label><\/div><div class=\"wpforms-field-row-block wpforms-one-half\"><input type=\"text\" id=\"wpforms-2445-field_1-last\" class=\"wpforms-field-name-last wpforms-field-required\" name=\"wpforms[fields][1][last]\" aria-errormessage=\"wpforms-2445-field_1-last-error\" required><label for=\"wpforms-2445-field_1-last\" class=\"wpforms-field-sublabel after\">Apellidos<\/label><\/div><\/div><\/fieldset><\/div><div id=\"wpforms-2445-field_3-container\" class=\"wpforms-field wpforms-field-text\" data-field-id=\"3\"><label class=\"wpforms-field-label\" for=\"wpforms-2445-field_3\">NUMERO DE IDENTIFICACI\u00d3N: DPI o Pasaporte del Solicitante<\/label><input type=\"text\" id=\"wpforms-2445-field_3\" class=\"wpforms-field-medium\" name=\"wpforms[fields][3]\" aria-errormessage=\"wpforms-2445-field_3-error\" ><\/div><div id=\"wpforms-2445-field_4-container\" class=\"wpforms-field wpforms-field-text\" data-field-id=\"4\"><label class=\"wpforms-field-label\" for=\"wpforms-2445-field_4\">CORREO ELECTR\u00d3NICO: E-mail del solicitante para el seguimiento.<\/label><input type=\"text\" id=\"wpforms-2445-field_4\" class=\"wpforms-field-medium\" name=\"wpforms[fields][4]\" aria-errormessage=\"wpforms-2445-field_4-error\" ><\/div><div id=\"wpforms-2445-field_5-container\" class=\"wpforms-field wpforms-field-textarea\" data-field-id=\"5\"><label class=\"wpforms-field-label\" for=\"wpforms-2445-field_5\">SOLICITUD: Descripci\u00f3n clara y precisa de la informaci\u00f3n solicitada.<\/label><textarea id=\"wpforms-2445-field_5\" class=\"wpforms-field-medium\" name=\"wpforms[fields][5]\" aria-errormessage=\"wpforms-2445-field_5-error\" ><\/textarea><\/div><\/div><!-- .wpforms-field-container --><div class=\"wpforms-submit-container\" ><input type=\"hidden\" name=\"wpforms[id]\" value=\"2445\"><input type=\"hidden\" name=\"page_title\" value=\"\"><input type=\"hidden\" name=\"page_url\" value=\"https:\/\/munipochuta.gob.gt\/wp\/wp-json\/wp\/v2\/pages\/2444\"><button type=\"submit\" name=\"wpforms[submit]\" id=\"wpforms-submit-2445\" class=\"wpforms-submit\" data-alt-text=\"Enviando...\" data-submit-text=\"Enviar\" aria-live=\"assertive\" value=\"wpforms-submit\">Enviar<\/button><img loading=\"lazy\" decoding=\"async\" src=\"https:\/\/munipochuta.gob.gt\/wp\/wp-content\/plugins\/wpforms-lite\/assets\/images\/submit-spin.svg\" class=\"wpforms-submit-spinner\" style=\"display: none;\" width=\"26\" height=\"26\" alt=\"Cargando\"><\/div><\/form><\/div>  <!-- .wpforms-container -->\n","protected":false},"excerpt":{"rendered":"<p>Si deseas conocer m\u00e1s sobre nuestras funciones, proyectos y servicios, te invitamos a llenar el siguiente formulario. Tu opini\u00f3n y preguntas son importantes para nosotros, y a trav\u00e9s de este formulario podremos proporcionarte la informaci\u00f3n que necesites de manera r\u00e1pida y eficiente.<\/p>\n","protected":false},"author":1,"featured_media":0,"parent":0,"menu_order":0,"comment_status":"closed","ping_status":"closed","template":"","meta":{"footnotes":""},"class_list":["post-2444","page","type-page","status-publish","hentry"],"_links":{"self":[{"href":"https:\/\/munipochuta.gob.gt\/wp\/wp-json\/wp\/v2\/pages\/2444","targetHints":{"allow":["GET"]}}],"collection":[{"href":"https:\/\/munipochuta.gob.gt\/wp\/wp-json\/wp\/v2\/pages"}],"about":[{"href":"https:\/\/munipochuta.gob.gt\/wp\/wp-json\/wp\/v2\/types\/page"}],"author":[{"embeddable":true,"href":"https:\/\/munipochuta.gob.gt\/wp\/wp-json\/wp\/v2\/users\/1"}],"replies":[{"embeddable":true,"href":"https:\/\/munipochuta.gob.gt\/wp\/wp-json\/wp\/v2\/comments?post=2444"}],"version-history":[{"count":1,"href":"https:\/\/munipochuta.gob.gt\/wp\/wp-json\/wp\/v2\/pages\/2444\/revisions"}],"predecessor-version":[{"id":2448,"href":"https:\/\/munipochuta.gob.gt\/wp\/wp-json\/wp\/v2\/pages\/2444\/revisions\/2448"}],"wp:attachment":[{"href":"https:\/\/munipochuta.gob.gt\/wp\/wp-json\/wp\/v2\/media?parent=2444"}],"curies":[{"name":"wp","href":"https:\/\/api.w.org\/{rel}","templated":true}]}}